{"id":711,"date":"2022-07-31T13:04:22","date_gmt":"2022-07-31T16:04:22","guid":{"rendered":"https:\/\/moliveirapintoadvocacia.com.br\/?page_id=711"},"modified":"2022-08-01T13:30:33","modified_gmt":"2022-08-01T16:30:33","slug":"nossa-historia","status":"publish","type":"page","link":"https:\/\/moliveirapintoadvocacia.com.br\/index.php\/nossa-historia\/","title":{"rendered":"Nossa Hist\u00f3ria"},"content":{"rendered":"\n\n\t<p>\u2022 NOSSA HIST\u00d3RIA \u2022<\/p>\n<!-- If Left Or Right -->\n\t<ul>\n\t\t\t\t<li>\n\t\t\t\t\t\t<!--date-->\n\t\t\t\t<!--Timeline-customcontent-->\n\t\t\t\t\t<p>2009<\/p>\n\t\t\t\t<!--\/.Timeline-customcontent-->\n\t\t\t<!--\/.date-->\n\t\t\t\t\t\t<!--Timline-Content-->\n\t\t\t\t<!--icon-->\n\t\t\t\t<!--\/.icon-->\n\t\t\t\t\t<!--Timline-Title-->\n\t\t\t\t\t<h3>\n\t\t\t\t\t\tO IN\u00cdCIO\t\t\t\t\t<\/h3>\n\t\t\t\t\t<!--\/.Timline-Title-->\n\t\t\t\t\t<!--Timline-description-->\n\t\t\t\t\t<p><img decoding=\"async\" loading=\"lazy\" src=\"http:\/\/moliveirapintoadvocacia.com.br\/wp-content\/uploads\/2022\/07\/CORP-DRA-GLENDA-117-300x200.jpg\" alt=\"\" width=\"300\" height=\"200\" \/>O escrit\u00f3rio de advocacia iniciou sua hist\u00f3ria em junho de 2009, fundado por GLENDA MARIA MACHADO DE OLIVEIRA PINTO, atuando com o direito do trabalho e na concess\u00e3o de aposentadorias, demonstrando efici\u00eancia, seguran\u00e7a e credibilidade e alcan\u00e7ando resultados que levaram ao seu crescimento.<\/p>\n\t\t\t\t\t<!--\/.Timline-description-->\n\t\t\t<!--\/.Timline-Content-->\n\t\t<\/li>\n\t\t\t\t<li>\n\t\t\t\t\t\t<!--date-->\n\t\t\t\t<!--Timeline-customcontent-->\n\t\t\t\t\t<p>2016<\/p>\n\t\t\t\t<!--\/.Timeline-customcontent-->\n\t\t\t<!--\/.date-->\n\t\t\t\t\t\t<!--Timline-Content-->\n\t\t\t\t<!--icon-->\n\t\t\t\t<!--\/.icon-->\n\t\t\t\t\t<!--Timline-Title-->\n\t\t\t\t\t<h3>\n\t\t\t\t\t\tPESSOA JUR\u00cdDICA\t\t\t\t\t<\/h3>\n\t\t\t\t\t<!--\/.Timline-Title-->\n\t\t\t\t\t<!--Timline-description-->\n\t\t\t\t\t<p>Nasce a pessoa jur\u00eddica GLENDA MARIA DE OLIVEIRA PINTO SOCIEDADE INDIVIDIAL DE ADVOCACIA, agregando outros advogados e formando equipe especializada.<\/p>\n\t\t\t\t\t<!--\/.Timline-description-->\n\t\t\t<!--\/.Timline-Content-->\n\t\t<\/li>\n\t\t\t\t<li>\n\t\t\t\t\t\t<!--date-->\n\t\t\t\t<!--Timeline-customcontent-->\n\t\t\t\t\t<p>2018<\/p>\n\t\t\t\t<!--\/.Timeline-customcontent-->\n\t\t\t<!--\/.date-->\n\t\t\t\t\t\t<!--Timline-Content-->\n\t\t\t\t<!--icon-->\n\t\t\t\t<!--\/.icon-->\n\t\t\t\t\t<!--Timline-Title-->\n\t\t\t\t\t<h3>\n\t\t\t\t\t\tCIDAD\u00c3 LORENENSE\t\t\t\t\t<\/h3>\n\t\t\t\t\t<!--\/.Timline-Title-->\n\t\t\t\t\t<!--Timline-description-->\n\t\t\t\t\t<p>Diante dos relevantes servi\u00e7os prestados na \u00e1rea da advocacia, GLENDA MARIA MACHADO DE OLIVEIRA PINTO, recebeu da C\u00e2mara Municipal de Lorena o titulo de cidad\u00e3 Lorenense.<\/p>\n\t\t\t\t\t<!--\/.Timline-description-->\n\t\t\t<!--\/.Timline-Content-->\n\t\t<\/li>\n\t\t\t\t<li>\n\t\t\t\t\t\t<!--date-->\n\t\t\t\t<!--Timeline-customcontent-->\n\t\t\t\t\t<p>2021<\/p>\n\t\t\t\t<!--\/.Timeline-customcontent-->\n\t\t\t<!--\/.date-->\n\t\t\t\t\t\t<!--Timline-Content-->\n\t\t\t\t<!--icon-->\n\t\t\t\t<!--\/.icon-->\n\t\t\t\t\t<!--Timline-Title-->\n\t\t\t\t\t<h3>\n\t\t\t\t\t\tNOVAS INSTALA\u00c7\u00d5ES\t\t\t\t\t<\/h3>\n\t\t\t\t\t<!--\/.Timline-Title-->\n\t\t\t\t\t<!--Timline-description-->\n\t\t\t\t\t<p>O escrit\u00f3rio passa a ter novas instala\u00e7\u00f5es e recebe novos advogados, buscando sempre a melhoria e efici\u00eancia nos atendimentos.<\/p>\n\t\t\t\t\t<!--\/.Timline-description-->\n\t\t\t<!--\/.Timline-Content-->\n\t\t<\/li>\n\t\t\t<\/ul>\n\t<p>\u00a0 \u00a0 \u00a0 \u00a0 A evolu\u00e7\u00e3o e o crescimento \u00e9 o resultado da nossa paix\u00e3o pelo direito e do respeito aos nossos clientes. Acreditamos que podemos fazer a diferen\u00e7a na vida das pessoas, atuando de forma positiva, resgatando dignidade, conciliando conflitos, opinando com nossa experi\u00eancia e direcionando para a melhor solu\u00e7\u00e3o dos problemas, tratando cada caso como se fosse \u00fanico.<\/p>\n\n","protected":false},"excerpt":{"rendered":"<p>\u2022 NOSSA HIST\u00d3RIA \u2022 2009 O IN\u00cdCIO O escrit\u00f3rio de advocacia iniciou sua hist\u00f3ria em junho de 2009, fundado por GLENDA MARIA MACHADO DE OLIVEIRA PINTO, atuando com o direito do trabalho e na concess\u00e3o de aposentadorias, demonstrando efici\u00eancia, seguran\u00e7a e credibilidade e alcan\u00e7ando resultados que levaram ao seu crescimento. 2016 PESSOA JUR\u00cdDICA Nasce a&hellip;<\/p>\n","protected":false},"author":1,"featured_media":0,"parent":0,"menu_order":0,"comment_status":"closed","ping_status":"closed","template":"","meta":{"om_disable_all_campaigns":false,"_monsterinsights_skip_tracking":false,"_monsterinsights_sitenote_active":false,"_monsterinsights_sitenote_note":"","_monsterinsights_sitenote_category":0,"_ti_tpc_template_sync":false,"_ti_tpc_template_id":""},"_links":{"self":[{"href":"https:\/\/moliveirapintoadvocacia.com.br\/index.php\/wp-json\/wp\/v2\/pages\/711"}],"collection":[{"href":"https:\/\/moliveirapintoadvocacia.com.br\/index.php\/wp-json\/wp\/v2\/pages"}],"about":[{"href":"https:\/\/moliveirapintoadvocacia.com.br\/index.php\/wp-json\/wp\/v2\/types\/page"}],"author":[{"embeddable":true,"href":"https:\/\/moliveirapintoadvocacia.com.br\/index.php\/wp-json\/wp\/v2\/users\/1"}],"replies":[{"embeddable":true,"href":"https:\/\/moliveirapintoadvocacia.com.br\/index.php\/wp-json\/wp\/v2\/comments?post=711"}],"version-history":[{"count":40,"href":"https:\/\/moliveirapintoadvocacia.com.br\/index.php\/wp-json\/wp\/v2\/pages\/711\/revisions"}],"predecessor-version":[{"id":851,"href":"https:\/\/moliveirapintoadvocacia.com.br\/index.php\/wp-json\/wp\/v2\/pages\/711\/revisions\/851"}],"wp:attachment":[{"href":"https:\/\/moliveirapintoadvocacia.com.br\/index.php\/wp-json\/wp\/v2\/media?parent=711"}],"curies":[{"name":"wp","href":"https:\/\/api.w.org\/{rel}","templated":true}]}}